{"id":4292,"date":"2024-10-21T16:55:06","date_gmt":"2024-10-21T13:55:06","guid":{"rendered":"https:\/\/kindora.com\/?page_id=4292"},"modified":"2024-11-06T13:16:21","modified_gmt":"2024-11-06T10:16:21","slug":"login","status":"publish","type":"page","link":"https:\/\/kindora.com\/ro\/login\/","title":{"rendered":"Login"},"content":{"rendered":"<div class=\"woocommerce-notices-wrapper\"><\/div>\n<div class=\"flex justify-center w-full my-16\">\n\t<div class=\"max-w-[550px] w-full\">\n\t\t<div class=\"flex justify-start mb-4\">\n\t\t\t<div class=\"flex items-center text-[15px] font-roboto\" onclick=\"javascript:history.back()\">\n\t\t\t\t<svg class=\"me-2\" width=\"6\" height=\"10\" viewBox=\"0 0 6 10\" fill=\"none\"\n\t\t\t\t\txmlns=\"http:\/\/www.w3.org\/2000\/svg\">\n\t\t\t\t\t<path d=\"M5 1L1 5L5 9\" stroke=\"#37383B\" stroke-linecap=\"round\" stroke-linejoin=\"round\" \/>\n\t\t\t\t<\/svg>\n\t\t\t\t<div class=\"hover:cursor-pointer hover:underline\">\n\t\t\t\t\tMergi \u00eenapoi\t\t\t\t<\/div>\n\t\t\t<\/div>\n\t\t<\/div>\n\n\t\t<div class=\"login-form-wrapper border border-[#D5D5D5] rounded-[20px] px-4 py-8 lg:px-10 lg:py-12 w-full\">\n\t\t\t<h2 class=\"mb-4 text-center\">Autentificare<\/h2>\n\n\t\t\t<form method=\"post\" class=\"woocommerce-form woocommerce-form-login login\" novalidate >\n\n\t\t\t\t\n\t\t\t\t<p class=\"woocommerce-form-row woocommerce-form-row--wide form-row form-row-wide\">\n\t\t\t\t\t<label for=\"username\" class=\"pl-0\">Nume utilizator sau adres\u0103 email&nbsp;<span\n\t\t\t\t\t\t\tclass=\"required\" aria-hidden=\"true\">*<\/span><span\n\t\t\t\t\t\t\tclass=\"screen-reader-text !ps-0\">Obligatoriu<\/span><\/label>\n\t\t\t\t\t<input type=\"text\"\n\t\t\t\t\t\tclass=\"woocommerce-Input woocommerce-Input--text input-text border border-[#D5D5D5] rounded-md px-2 py-3\"\n\t\t\t\t\t\tname=\"username\" id=\"username\" autocomplete=\"username\"\n\t\t\t\t\t\tvalue=\"\"\n\t\t\t\t\t\trequired aria-required=\"true\" \/>\t\t\t\t<\/p>\n\t\t\t\t<p class=\"woocommerce-form-row woocommerce-form-row--wide form-row form-row-wide\">\n\t\t\t\t\t<label for=\"password\" class=\"pl-0\">Parol\u0103&nbsp;<span class=\"required\"\n\t\t\t\t\t\t\taria-hidden=\"true\">*<\/span><span\n\t\t\t\t\t\t\tclass=\"screen-reader-text !ps-0\">Obligatoriu<\/span><\/label>\n\t\t\t\t\t<input\n\t\t\t\t\t\tclass=\"woocommerce-Input woocommerce-Input--text input-text border border-[#D5D5D5] rounded-md px-2 py-3 w-full\"\n\t\t\t\t\t\ttype=\"password\" name=\"password\" id=\"password\" autocomplete=\"current-password\" required\n\t\t\t\t\t\taria-required=\"true\" \/>\n\t\t\t\t<\/p>\n\n\t\t\t\t<p class=\"woocommerce-LostPassword lost_password text-center mb-3\">\n\t\t\t\t\t<a href=\"https:\/\/kindora.com\/ro\/contul-meu\/lost-password\/\"\n\t\t\t\t\t\tclass=\"text-custom-primaryDark font-light text-base lost-password-link\">\n\t\t\t\t\t\tAi uitat parola?<\/a>\n\t\t\t\t<\/p>\n\n\t\t\t\t<div class=\"w-full flex justify-start mb-3\">\n\t\t\t\t\t<p class=\"woocommerce-form-row form-row\">\n\t\t\t\t\t\t<label\n\t\t\t\t\t\t\tclass=\"woocommerce-form__label woocommerce-form__label-for-checkbox woocommerce-form-login__rememberme ps-0\">\n\t\t\t\t\t\t\t<input class=\"woocommerce-form__input woocommerce-form__input-checkbox custom-checkbox\"\n\t\t\t\t\t\t\t\tname=\"rememberme\" type=\"checkbox\" id=\"rememberme\" value=\"forever\" \/>\n\t\t\t\t\t\t\t<span>\u021aine-m\u0103 minte<\/span>\n\t\t\t\t\t\t<\/label>\n\t\t\t\t\t<\/p>\n\t\t\t\t<\/div>\n\n\t\t\t\t\n\t\t\t\t<input type=\"hidden\" id=\"woocommerce-login-nonce\" name=\"woocommerce-login-nonce\" value=\"ad743db700\" \/><input type=\"hidden\" name=\"_wp_http_referer\" value=\"\/ro\/wp-json\/wp\/v2\/pages\/4292\" \/>\n\t\t\t\t<!-- Login and Guest Checkout Buttons -->\n\t\t\t\t<div class=\"w-full flex flex-row justify-center gap-3 mb-4 md:px-2\">\n\t\t\t\t\t<button type=\"submit\"\n\t\t\t\t\t\tclass=\"flex-1 max-w-[200px] bg-custom-dark hover:bg-custom-darker text-white rounded-md px-2 md:px-4 py-2 flex items-center justify-center text-sm md:text-lg font-semibold hover:no-underline transition-colors woocommerce-Button button woocommerce-form-login__submit\"\n\t\t\t\t\t\tname=\"login\" value=\"Autentificare\">\n\t\t\t\t\t\tAutentificare\t\t\t\t\t<\/button>\n\n\t\t\t\t\t\t\t\t\t<\/div>\n\n\t\t\t\t<p class=\" text-center\">\n\t\t\t\t\t<a href=\"https:\/\/kindora.com\/ro\/register\/\"\n\t\t\t\t\t\tclass=\"font-medium text-base\">Nu ai cont? Creaz\u0103 un cont nou<\/a>\n\t\t\t\t<\/p>\n\n\t\t\t\t\n\t\t\t<\/form>\n\n\t\t<\/div>\n\t<\/div>\n<\/div>\n\n\n","protected":false},"excerpt":{"rendered":"","protected":false},"author":1,"featured_media":0,"parent":0,"menu_order":0,"comment_status":"closed","ping_status":"closed","template":"","meta":{"_acf_changed":false,"_glsr_average":0,"_glsr_ranking":0,"_glsr_reviews":0,"footnotes":""},"class_list":["post-4292","page","type-page","status-publish","hentry"],"acf":[],"yoast_head":"<!-- This site is optimized with the Yoast SEO Premium plugin v26.4 (Yoast SEO v27.4) - https:\/\/yoast.com\/product\/yoast-seo-premium-wordpress\/ -->\n<title>Login | Autentific\u0103-te \u00een contul t\u0103u - Kindora<\/title>\n<meta name=\"description\" content=\"Bine ai venit! Conecteaz\u0103-te la contul t\u0103u pentru acces rapid la comenzile tale \u0219i o experien\u021b\u0103 personalizat\u0103.\" \/>\n<meta name=\"robots\" content=\"index, follow, max-snippet:-1, max-image-preview:large, max-video-preview:-1\" \/>\n<link rel=\"canonical\" href=\"https:\/\/kindora.com\/ro\/login\/\" \/>\n<meta property=\"og:locale\" content=\"ro_RO\" \/>\n<meta property=\"og:type\" content=\"article\" \/>\n<meta property=\"og:title\" content=\"Login\" \/>\n<meta property=\"og:description\" content=\"Bine ai venit! Conecteaz\u0103-te la contul t\u0103u pentru acces rapid la comenzile tale \u0219i o experien\u021b\u0103 personalizat\u0103.\" \/>\n<meta property=\"og:url\" content=\"https:\/\/kindora.com\/ro\/login\/\" \/>\n<meta property=\"og:site_name\" content=\"Kindora\" \/>\n<meta property=\"article:publisher\" content=\"https:\/\/www.facebook.com\/profile.php?id=61556143894387&amp;locale=ro_RO\" \/>\n<meta property=\"article:modified_time\" content=\"2024-11-06T10:16:21+00:00\" \/>\n<meta name=\"twitter:card\" content=\"summary_large_image\" \/>\n<meta name=\"twitter:label1\" content=\"Timp estimat pentru citire\" \/>\n\t<meta name=\"twitter:data1\" content=\"1 minut\" \/>\n<script type=\"application\/ld+json\" class=\"yoast-schema-graph\">{\"@context\":\"https:\\\/\\\/schema.org\",\"@graph\":[{\"@type\":\"WebPage\",\"@id\":\"https:\\\/\\\/kindora.com\\\/ro\\\/login\\\/\",\"url\":\"https:\\\/\\\/kindora.com\\\/ro\\\/login\\\/\",\"name\":\"Login | Autentific\u0103-te \u00een contul t\u0103u - Kindora\",\"isPartOf\":{\"@id\":\"https:\\\/\\\/kindora.com\\\/ro\\\/#website\"},\"datePublished\":\"2024-10-21T13:55:06+00:00\",\"dateModified\":\"2024-11-06T10:16:21+00:00\",\"description\":\"Bine ai venit! Conecteaz\u0103-te la contul t\u0103u pentru acces rapid la comenzile tale \u0219i o experien\u021b\u0103 personalizat\u0103.\",\"breadcrumb\":{\"@id\":\"https:\\\/\\\/kindora.com\\\/ro\\\/login\\\/#breadcrumb\"},\"inLanguage\":\"ro-RO\",\"potentialAction\":[{\"@type\":\"ReadAction\",\"target\":[\"https:\\\/\\\/kindora.com\\\/ro\\\/login\\\/\"]}]},{\"@type\":\"BreadcrumbList\",\"@id\":\"https:\\\/\\\/kindora.com\\\/ro\\\/login\\\/#breadcrumb\",\"itemListElement\":[{\"@type\":\"ListItem\",\"position\":1,\"name\":\"Prima pagin\u0103\",\"item\":\"https:\\\/\\\/kindora.com\\\/ro\\\/\"},{\"@type\":\"ListItem\",\"position\":2,\"name\":\"Login\",\"item\":\"https:\\\/\\\/kindora.com\\\/ro\\\/login\\\/\"}]},{\"@type\":\"WebSite\",\"@id\":\"https:\\\/\\\/kindora.com\\\/ro\\\/#website\",\"url\":\"https:\\\/\\\/kindora.com\\\/ro\\\/\",\"name\":\"Kindora\",\"description\":\"\",\"publisher\":{\"@id\":\"https:\\\/\\\/kindora.com\\\/ro\\\/#organization\"},\"potentialAction\":[{\"@type\":\"SearchAction\",\"target\":{\"@type\":\"EntryPoint\",\"urlTemplate\":\"https:\\\/\\\/kindora.com\\\/ro\\\/?s={search_term_string}\"},\"query-input\":{\"@type\":\"PropertyValueSpecification\",\"valueRequired\":true,\"valueName\":\"search_term_string\"}}],\"inLanguage\":\"ro-RO\"},{\"@type\":\"Organization\",\"@id\":\"https:\\\/\\\/kindora.com\\\/ro\\\/#organization\",\"name\":\"Kindora\",\"url\":\"https:\\\/\\\/kindora.com\\\/ro\\\/\",\"logo\":{\"@type\":\"ImageObject\",\"inLanguage\":\"ro-RO\",\"@id\":\"https:\\\/\\\/kindora.com\\\/ro\\\/#\\\/schema\\\/logo\\\/image\\\/\",\"url\":\"https:\\\/\\\/kindora.com\\\/wp-content\\\/uploads\\\/2025\\\/04\\\/kindora-sssww.png\",\"contentUrl\":\"https:\\\/\\\/kindora.com\\\/wp-content\\\/uploads\\\/2025\\\/04\\\/kindora-sssww.png\",\"width\":220,\"height\":88,\"caption\":\"Kindora\"},\"image\":{\"@id\":\"https:\\\/\\\/kindora.com\\\/ro\\\/#\\\/schema\\\/logo\\\/image\\\/\"},\"sameAs\":[\"https:\\\/\\\/www.facebook.com\\\/profile.php?id=61556143894387&locale=ro_RO\",\"https:\\\/\\\/www.instagram.com\\\/kindora.romania\\\/\",\"https:\\\/\\\/www.tiktok.com\\\/@kindora.romania\",\"https:\\\/\\\/www.linkedin.com\\\/company\\\/kindoraromania\\\/posts\\\/?feedView=all\",\"https:\\\/\\\/www.youtube.com\\\/@kindora.romania\"]}]}<\/script>\n<!-- \/ Yoast SEO Premium plugin. -->","yoast_head_json":{"title":"Login | Autentific\u0103-te \u00een contul t\u0103u - Kindora","description":"Bine ai venit! Conecteaz\u0103-te la contul t\u0103u pentru acces rapid la comenzile tale \u0219i o experien\u021b\u0103 personalizat\u0103.","robots":{"index":"index","follow":"follow","max-snippet":"max-snippet:-1","max-image-preview":"max-image-preview:large","max-video-preview":"max-video-preview:-1"},"canonical":"https:\/\/kindora.com\/ro\/login\/","og_locale":"ro_RO","og_type":"article","og_title":"Login","og_description":"Bine ai venit! Conecteaz\u0103-te la contul t\u0103u pentru acces rapid la comenzile tale \u0219i o experien\u021b\u0103 personalizat\u0103.","og_url":"https:\/\/kindora.com\/ro\/login\/","og_site_name":"Kindora","article_publisher":"https:\/\/www.facebook.com\/profile.php?id=61556143894387&locale=ro_RO","article_modified_time":"2024-11-06T10:16:21+00:00","twitter_card":"summary_large_image","twitter_misc":{"Timp estimat pentru citire":"1 minut"},"schema":{"@context":"https:\/\/schema.org","@graph":[{"@type":"WebPage","@id":"https:\/\/kindora.com\/ro\/login\/","url":"https:\/\/kindora.com\/ro\/login\/","name":"Login | Autentific\u0103-te \u00een contul t\u0103u - Kindora","isPartOf":{"@id":"https:\/\/kindora.com\/ro\/#website"},"datePublished":"2024-10-21T13:55:06+00:00","dateModified":"2024-11-06T10:16:21+00:00","description":"Bine ai venit! Conecteaz\u0103-te la contul t\u0103u pentru acces rapid la comenzile tale \u0219i o experien\u021b\u0103 personalizat\u0103.","breadcrumb":{"@id":"https:\/\/kindora.com\/ro\/login\/#breadcrumb"},"inLanguage":"ro-RO","potentialAction":[{"@type":"ReadAction","target":["https:\/\/kindora.com\/ro\/login\/"]}]},{"@type":"BreadcrumbList","@id":"https:\/\/kindora.com\/ro\/login\/#breadcrumb","itemListElement":[{"@type":"ListItem","position":1,"name":"Prima pagin\u0103","item":"https:\/\/kindora.com\/ro\/"},{"@type":"ListItem","position":2,"name":"Login","item":"https:\/\/kindora.com\/ro\/login\/"}]},{"@type":"WebSite","@id":"https:\/\/kindora.com\/ro\/#website","url":"https:\/\/kindora.com\/ro\/","name":"Kindora","description":"","publisher":{"@id":"https:\/\/kindora.com\/ro\/#organization"},"potentialAction":[{"@type":"SearchAction","target":{"@type":"EntryPoint","urlTemplate":"https:\/\/kindora.com\/ro\/?s={search_term_string}"},"query-input":{"@type":"PropertyValueSpecification","valueRequired":true,"valueName":"search_term_string"}}],"inLanguage":"ro-RO"},{"@type":"Organization","@id":"https:\/\/kindora.com\/ro\/#organization","name":"Kindora","url":"https:\/\/kindora.com\/ro\/","logo":{"@type":"ImageObject","inLanguage":"ro-RO","@id":"https:\/\/kindora.com\/ro\/#\/schema\/logo\/image\/","url":"https:\/\/kindora.com\/wp-content\/uploads\/2025\/04\/kindora-sssww.png","contentUrl":"https:\/\/kindora.com\/wp-content\/uploads\/2025\/04\/kindora-sssww.png","width":220,"height":88,"caption":"Kindora"},"image":{"@id":"https:\/\/kindora.com\/ro\/#\/schema\/logo\/image\/"},"sameAs":["https:\/\/www.facebook.com\/profile.php?id=61556143894387&locale=ro_RO","https:\/\/www.instagram.com\/kindora.romania\/","https:\/\/www.tiktok.com\/@kindora.romania","https:\/\/www.linkedin.com\/company\/kindoraromania\/posts\/?feedView=all","https:\/\/www.youtube.com\/@kindora.romania"]}]}},"_links":{"self":[{"href":"https:\/\/kindora.com\/ro\/wp-json\/wp\/v2\/pages\/4292","targetHints":{"allow":["GET"]}}],"collection":[{"href":"https:\/\/kindora.com\/ro\/wp-json\/wp\/v2\/pages"}],"about":[{"href":"https:\/\/kindora.com\/ro\/wp-json\/wp\/v2\/types\/page"}],"author":[{"embeddable":true,"href":"https:\/\/kindora.com\/ro\/wp-json\/wp\/v2\/users\/1"}],"replies":[{"embeddable":true,"href":"https:\/\/kindora.com\/ro\/wp-json\/wp\/v2\/comments?post=4292"}],"version-history":[{"count":2,"href":"https:\/\/kindora.com\/ro\/wp-json\/wp\/v2\/pages\/4292\/revisions"}],"predecessor-version":[{"id":4294,"href":"https:\/\/kindora.com\/ro\/wp-json\/wp\/v2\/pages\/4292\/revisions\/4294"}],"wp:attachment":[{"href":"https:\/\/kindora.com\/ro\/wp-json\/wp\/v2\/media?parent=4292"}],"curies":[{"name":"wp","href":"https:\/\/api.w.org\/{rel}","templated":true}]}}