{"id":1737,"date":"2024-09-24T16:56:30","date_gmt":"2024-09-24T14:56:30","guid":{"rendered":"https:\/\/kindora.com\/?page_id=1737"},"modified":"2024-11-04T18:20:59","modified_gmt":"2024-11-04T15:20:59","slug":"faq-intrebari-frecvente","status":"publish","type":"page","link":"https:\/\/kindora.com\/ro\/faq-intrebari-frecvente\/","title":{"rendered":"FAQ &#8211; \u00eentreb\u0103ri frecvente"},"content":{"rendered":"\n<h2 class=\"wp-block-heading has-text-align-center\">FAQ &#8211; \u00eentreb\u0103ri frecvente<\/h2>\n\n\n\n<figure class=\"wp-block-image size-large\"><img loading=\"lazy\" decoding=\"async\" width=\"1024\" height=\"576\" src=\"https:\/\/kindora.com\/wp-content\/uploads\/2024\/09\/faq-kindora-1-1024x576.jpg\" alt=\"Imagine cu persoane care z\u00e2mbesc \u0219i \u021bin \u00een m\u00e2ini produse Kindora.\" class=\"wp-image-1870\" style=\"aspect-ratio:16\/9;object-fit:cover\" srcset=\"https:\/\/kindora.com\/wp-content\/uploads\/2024\/09\/faq-kindora-1-1024x576.jpg 1024w, https:\/\/kindora.com\/wp-content\/uploads\/2024\/09\/faq-kindora-1-300x169.jpg 300w, https:\/\/kindora.com\/wp-content\/uploads\/2024\/09\/faq-kindora-1-768x432.jpg 768w, https:\/\/kindora.com\/wp-content\/uploads\/2024\/09\/faq-kindora-1-1536x864.jpg 1536w, https:\/\/kindora.com\/wp-content\/uploads\/2024\/09\/faq-kindora-1-30x17.jpg 30w, https:\/\/kindora.com\/wp-content\/uploads\/2024\/09\/faq-kindora-1-360x203.jpg 360w, https:\/\/kindora.com\/wp-content\/uploads\/2024\/09\/faq-kindora-1-265x149.jpg 265w, https:\/\/kindora.com\/wp-content\/uploads\/2024\/09\/faq-kindora-1-480x270.jpg 480w, https:\/\/kindora.com\/wp-content\/uploads\/2024\/09\/faq-kindora-1.jpg 1920w\" sizes=\"auto, (max-width: 1024px) 100vw, 1024px\" \/><\/figure>\n\n\n\n    <div id=\"block_4094b1c7a29eb46c486daf94b823f521\" class=\"align wp-block-custom-blocks-faq\">\n\n\t\t\t\n\t\t\t<div class=\"schema-faq wp-block-yoast-faq-block\">\n\t\t\t\t<div class=\"schema-faq-section\">\n\t\t\t\t\t<strong class=\"schema-faq-question\">Ce sunt suplimentele alimentare Kindora?<\/strong>\n\t\t\t\t\t<div class=\"schema-faq-answer\">\n\t\t\t\t\t\t<p><span style=\"font-weight: 400;\">Suplimentele alimentare Kindora sunt un suport \u00een dieta ta de sl\u0103bire. Ele te ajut\u0103 s\u0103 faci fa\u021b\u0103 mai u\u0219or efectelor secundare care pot ap\u0103rea \u00een timpul regimurilor de sl\u0103bit restrictive.<\/span><\/p>\n\t\t\t\t\t<\/div>\n\t\t\t\t<\/div>\n\t\t\t<\/div>\n\n\t\t\n\t\t\t<div class=\"schema-faq wp-block-yoast-faq-block\">\n\t\t\t\t<div class=\"schema-faq-section\">\n\t\t\t\t\t<strong class=\"schema-faq-question\">Cum te ajut\u0103\/func\u021bioneaz\u0103 suplimentele alimentare Kindora?<\/strong>\n\t\t\t\t\t<div class=\"schema-faq-answer\">\n\t\t\t\t\t\t<p><span style=\"font-weight: 400;\">Suplimentele alimentare Kindora te ajut\u0103 s\u0103 p\u0103strezi echilibrul nutritiv \u00een timpul dietelor, iar asta se traduce prin mai pu\u021bine pofte alimentare, mai mult\u0103 energie \u0219i un metabolism activ. Per total, asta \u00eenseamn\u0103 c\u0103 dieta de sl\u0103bire are mai multe \u0219anse de succes \u0219i tu vei ob\u021bine greutatea dorit\u0103. <\/span><\/p>\n\t\t\t\t\t<\/div>\n\t\t\t\t<\/div>\n\t\t\t<\/div>\n\n\t\t\n\t\t\t<div class=\"schema-faq wp-block-yoast-faq-block\">\n\t\t\t\t<div class=\"schema-faq-section\">\n\t\t\t\t\t<strong class=\"schema-faq-question\">Ce tipuri de suplimente alimentare Kindora exist\u0103?<\/strong>\n\t\t\t\t\t<div class=\"schema-faq-answer\">\n\t\t\t\t\t\t<p><span style=\"font-weight: 400;\">Suplimentele alimentare Kindora sunt personalizate pentru cele mai populare diete. Acestea sunt grupate \u00een func\u021bie de categoria regimului de sl\u0103bire: dietele hipocalorice, dietele low carb, dietele low fat, dieta Rina, dieta Dukan, dieta keto, diete intermitent fasting, diete disociate.\u00a0<\/span><\/p>\n\t\t\t\t\t<\/div>\n\t\t\t\t<\/div>\n\t\t\t<\/div>\n\n\t\t\n\t\t\t<div class=\"schema-faq wp-block-yoast-faq-block\">\n\t\t\t\t<div class=\"schema-faq-section\">\n\t\t\t\t\t<strong class=\"schema-faq-question\">Cum se iau suplimentele alimentare Kindora?<\/strong>\n\t\t\t\t\t<div class=\"schema-faq-answer\">\n\t\t\t\t\t\t<p>Suplimentele alimentare Kindora se administreaz\u0103 o singur\u0103 dat\u0103 pe zi, 2 capsule, pe toat\u0103 perioada de sl\u0103bit \u0219i \u00eenc\u0103 o lun\u0103 minim pe perioada men\u021binerii.<\/p>\n\t\t\t\t\t<\/div>\n\t\t\t\t<\/div>\n\t\t\t<\/div>\n\n\t\t\n\t\t\t<div class=\"schema-faq wp-block-yoast-faq-block\">\n\t\t\t\t<div class=\"schema-faq-section\">\n\t\t\t\t\t<strong class=\"schema-faq-question\">C\u00e2t timp se iau suplimentele Kindora?<\/strong>\n\t\t\t\t\t<div class=\"schema-faq-answer\">\n\t\t\t\t\t\t<p><span style=\"font-weight: 400;\">Acestea se iau pe tot parcursul dietei de sl\u0103bire, plus o lun\u0103 pentru consolidarea rezultatelor dietei. <\/span><\/p>\n\t\t\t\t\t<\/div>\n\t\t\t\t<\/div>\n\t\t\t<\/div>\n\n\t\t\n\t\t\t<div class=\"schema-faq wp-block-yoast-faq-block\">\n\t\t\t\t<div class=\"schema-faq-section\">\n\t\t\t\t\t<strong class=\"schema-faq-question\">C\u00e2nd resimt beneficiile suplimentelor Kindora?<\/strong>\n\t\t\t\t\t<div class=\"schema-faq-answer\">\n\t\t\t\t\t\t<p><span style=\"font-weight: 400;\">Beneficiile suplimentelor Kindora vor ap\u0103rea rapid, prin faptul c\u0103 \u00ee\u021bi vei recupera energia, dar \u0219i pe termen lung, prin p\u0103strarea echilibrului nutritiv.<\/span><\/p>\n\t\t\t\t\t<\/div>\n\t\t\t\t<\/div>\n\t\t\t<\/div>\n\n\t\t\n\t\t\t<div class=\"schema-faq wp-block-yoast-faq-block\">\n\t\t\t\t<div class=\"schema-faq-section\">\n\t\t\t\t\t<strong class=\"schema-faq-question\">Suplimentele Kindora m\u0103 ajut\u0103 s\u0103 sl\u0103besc?<\/strong>\n\t\t\t\t\t<div class=\"schema-faq-answer\">\n\t\t\t\t\t\t<p><span style=\"font-weight: 400;\">Suplimentele Kindora nu sunt pastile de sl\u0103bit, \u00eens\u0103 contribuie indirect la procesul de sl\u0103bire datorit\u0103 beneficiilor numeroase care te sus\u021bin \u00een diet\u0103.\u00a0 <\/span><\/p>\n\t\t\t\t\t<\/div>\n\t\t\t\t<\/div>\n\t\t\t<\/div>\n\n\t\t\n\t\t\t<div class=\"schema-faq wp-block-yoast-faq-block\">\n\t\t\t\t<div class=\"schema-faq-section\">\n\t\t\t\t\t<strong class=\"schema-faq-question\">Suplimentele Kindora \u00eengra\u0219\u0103?<\/strong>\n\t\t\t\t\t<div class=\"schema-faq-answer\">\n\t\t\t\t\t\t<p><span style=\"font-weight: 400;\">Nu, suplimentele Kindora nu \u00eengra\u0219\u0103. Dimpotriv\u0103, ele pot fi un aliat \u00een dietele de sl\u0103bit. <\/span><\/p>\n\t\t\t\t\t<\/div>\n\t\t\t\t<\/div>\n\t\t\t<\/div>\n\n\t\t\n\t\t\t<div class=\"schema-faq wp-block-yoast-faq-block\">\n\t\t\t\t<div class=\"schema-faq-section\">\n\t\t\t\t\t<strong class=\"schema-faq-question\">Care sunt contraindica\u021biile produselor Kindora?<\/strong>\n\t\t\t\t\t<div class=\"schema-faq-answer\">\n\t\t\t\t\t\t<p><span style=\"font-weight: 400;\">\u00cen general, suplimentele Kindora ofer\u0103 suport \u00een procesul de sl\u0103bire \u0219i sunt u\u0219or de tolerat. Produsul este contraindicat persoanelor alergice la substan\u021bele active sau la oricare dintre excipien\u021bii produsului precum \u0219i persoanelor gravide. Pacien\u021bii diagnostica\u021bi cu boli cronice severe trebuie s\u0103 consulte medicul \u00eenainte de administrarea oric\u0103rui supliment.\u00a0<\/span><\/p>\n\t\t\t\t\t<\/div>\n\t\t\t\t<\/div>\n\t\t\t<\/div>\n\n\t\t\t\n    <\/div>\n","protected":false},"excerpt":{"rendered":"<p>FAQ &#8211; \u00eentreb\u0103ri frecvente<\/p>\n","protected":false},"author":1,"featured_media":0,"parent":0,"menu_order":0,"comment_status":"closed","ping_status":"closed","template":"","meta":{"_acf_changed":false,"_glsr_average":0,"_glsr_ranking":0,"_glsr_reviews":0,"footnotes":""},"class_list":["post-1737","page","type-page","status-publish","hentry"],"acf":[],"yoast_head":"<!-- This site is optimized with the Yoast SEO Premium plugin v26.4 (Yoast SEO v27.5) - https:\/\/yoast.com\/product\/yoast-seo-premium-wordpress\/ -->\n<title>FAQ - \u00eentreb\u0103ri frecvente - Kindora<\/title>\n<meta name=\"description\" content=\"Suplimentele alimentare Kindora sunt un suport \u00een dieta ta. Ele te ajut\u0103 s\u0103 faci fa\u021b\u0103 mai u\u0219or efectelor secundare din curele de sl\u0103bire.\" \/>\n<meta name=\"robots\" content=\"index, follow, max-snippet:-1, max-image-preview:large, max-video-preview:-1\" \/>\n<link rel=\"canonical\" href=\"https:\/\/kindora.com\/ro\/faq-intrebari-frecvente\/\" \/>\n<meta property=\"og:locale\" content=\"ro_RO\" \/>\n<meta property=\"og:type\" content=\"article\" \/>\n<meta property=\"og:title\" content=\"FAQ - \u00eentreb\u0103ri frecvente\" \/>\n<meta property=\"og:description\" content=\"Suplimentele alimentare Kindora sunt un suport \u00een dieta ta. Ele te ajut\u0103 s\u0103 faci fa\u021b\u0103 mai u\u0219or efectelor secundare din curele de sl\u0103bire.\" \/>\n<meta property=\"og:url\" content=\"https:\/\/kindora.com\/ro\/faq-intrebari-frecvente\/\" \/>\n<meta property=\"og:site_name\" content=\"Kindora\" \/>\n<meta property=\"article:publisher\" content=\"https:\/\/www.facebook.com\/profile.php?id=61556143894387&amp;locale=ro_RO\" \/>\n<meta property=\"article:modified_time\" content=\"2024-11-04T15:20:59+00:00\" \/>\n<meta property=\"og:image\" content=\"https:\/\/kindora.com\/wp-content\/uploads\/2024\/09\/faq-kindora-1.jpg\" \/>\n\t<meta property=\"og:image:width\" content=\"1920\" \/>\n\t<meta property=\"og:image:height\" content=\"1080\" \/>\n\t<meta property=\"og:image:type\" content=\"image\/jpeg\" \/>\n<meta name=\"twitter:card\" content=\"summary_large_image\" \/>\n<meta name=\"twitter:label1\" content=\"Timp estimat pentru citire\" \/>\n\t<meta name=\"twitter:data1\" content=\"1 minut\" \/>\n<script type=\"application\/ld+json\" class=\"yoast-schema-graph\">{\"@context\":\"https:\\\/\\\/schema.org\",\"@graph\":[{\"@type\":\"WebPage\",\"@id\":\"https:\\\/\\\/kindora.com\\\/ro\\\/faq-intrebari-frecvente\\\/\",\"url\":\"https:\\\/\\\/kindora.com\\\/ro\\\/faq-intrebari-frecvente\\\/\",\"name\":\"FAQ - \u00eentreb\u0103ri frecvente - Kindora\",\"isPartOf\":{\"@id\":\"https:\\\/\\\/kindora.com\\\/ro\\\/#website\"},\"primaryImageOfPage\":{\"@id\":\"https:\\\/\\\/kindora.com\\\/ro\\\/faq-intrebari-frecvente\\\/#primaryimage\"},\"image\":{\"@id\":\"https:\\\/\\\/kindora.com\\\/ro\\\/faq-intrebari-frecvente\\\/#primaryimage\"},\"thumbnailUrl\":\"https:\\\/\\\/kindora.com\\\/wp-content\\\/uploads\\\/2024\\\/09\\\/faq-kindora-1-1024x576.jpg\",\"datePublished\":\"2024-09-24T14:56:30+00:00\",\"dateModified\":\"2024-11-04T15:20:59+00:00\",\"description\":\"Suplimentele alimentare Kindora sunt un suport \u00een dieta ta. Ele te ajut\u0103 s\u0103 faci fa\u021b\u0103 mai u\u0219or efectelor secundare din curele de sl\u0103bire.\",\"breadcrumb\":{\"@id\":\"https:\\\/\\\/kindora.com\\\/ro\\\/faq-intrebari-frecvente\\\/#breadcrumb\"},\"inLanguage\":\"ro-RO\",\"potentialAction\":[{\"@type\":\"ReadAction\",\"target\":[\"https:\\\/\\\/kindora.com\\\/ro\\\/faq-intrebari-frecvente\\\/\"]}]},{\"@type\":\"ImageObject\",\"inLanguage\":\"ro-RO\",\"@id\":\"https:\\\/\\\/kindora.com\\\/ro\\\/faq-intrebari-frecvente\\\/#primaryimage\",\"url\":\"https:\\\/\\\/kindora.com\\\/wp-content\\\/uploads\\\/2024\\\/09\\\/faq-kindora-1-1024x576.jpg\",\"contentUrl\":\"https:\\\/\\\/kindora.com\\\/wp-content\\\/uploads\\\/2024\\\/09\\\/faq-kindora-1-1024x576.jpg\"},{\"@type\":\"BreadcrumbList\",\"@id\":\"https:\\\/\\\/kindora.com\\\/ro\\\/faq-intrebari-frecvente\\\/#breadcrumb\",\"itemListElement\":[{\"@type\":\"ListItem\",\"position\":1,\"name\":\"Prima pagin\u0103\",\"item\":\"https:\\\/\\\/kindora.com\\\/ro\\\/\"},{\"@type\":\"ListItem\",\"position\":2,\"name\":\"FAQ &#8211; \u00eentreb\u0103ri frecvente\",\"item\":\"https:\\\/\\\/kindora.com\\\/ro\\\/faq-intrebari-frecvente\\\/\"}]},{\"@type\":\"WebSite\",\"@id\":\"https:\\\/\\\/kindora.com\\\/ro\\\/#website\",\"url\":\"https:\\\/\\\/kindora.com\\\/ro\\\/\",\"name\":\"Kindora\",\"description\":\"\",\"publisher\":{\"@id\":\"https:\\\/\\\/kindora.com\\\/ro\\\/#organization\"},\"potentialAction\":[{\"@type\":\"SearchAction\",\"target\":{\"@type\":\"EntryPoint\",\"urlTemplate\":\"https:\\\/\\\/kindora.com\\\/ro\\\/?s={search_term_string}\"},\"query-input\":{\"@type\":\"PropertyValueSpecification\",\"valueRequired\":true,\"valueName\":\"search_term_string\"}}],\"inLanguage\":\"ro-RO\"},{\"@type\":\"Organization\",\"@id\":\"https:\\\/\\\/kindora.com\\\/ro\\\/#organization\",\"name\":\"Kindora\",\"url\":\"https:\\\/\\\/kindora.com\\\/ro\\\/\",\"logo\":{\"@type\":\"ImageObject\",\"inLanguage\":\"ro-RO\",\"@id\":\"https:\\\/\\\/kindora.com\\\/ro\\\/#\\\/schema\\\/logo\\\/image\\\/\",\"url\":\"https:\\\/\\\/kindora.com\\\/wp-content\\\/uploads\\\/2025\\\/04\\\/kindora-sssww.png\",\"contentUrl\":\"https:\\\/\\\/kindora.com\\\/wp-content\\\/uploads\\\/2025\\\/04\\\/kindora-sssww.png\",\"width\":220,\"height\":88,\"caption\":\"Kindora\"},\"image\":{\"@id\":\"https:\\\/\\\/kindora.com\\\/ro\\\/#\\\/schema\\\/logo\\\/image\\\/\"},\"sameAs\":[\"https:\\\/\\\/www.facebook.com\\\/profile.php?id=61556143894387&locale=ro_RO\",\"https:\\\/\\\/www.instagram.com\\\/kindora.romania\\\/\",\"https:\\\/\\\/www.tiktok.com\\\/@kindora.romania\",\"https:\\\/\\\/www.linkedin.com\\\/company\\\/kindoraromania\\\/posts\\\/?feedView=all\",\"https:\\\/\\\/www.youtube.com\\\/@kindora.romania\"]}]}<\/script>\n<!-- \/ Yoast SEO Premium plugin. -->","yoast_head_json":{"title":"FAQ - \u00eentreb\u0103ri frecvente - Kindora","description":"Suplimentele alimentare Kindora sunt un suport \u00een dieta ta. Ele te ajut\u0103 s\u0103 faci fa\u021b\u0103 mai u\u0219or efectelor secundare din curele de sl\u0103bire.","robots":{"index":"index","follow":"follow","max-snippet":"max-snippet:-1","max-image-preview":"max-image-preview:large","max-video-preview":"max-video-preview:-1"},"canonical":"https:\/\/kindora.com\/ro\/faq-intrebari-frecvente\/","og_locale":"ro_RO","og_type":"article","og_title":"FAQ - \u00eentreb\u0103ri frecvente","og_description":"Suplimentele alimentare Kindora sunt un suport \u00een dieta ta. Ele te ajut\u0103 s\u0103 faci fa\u021b\u0103 mai u\u0219or efectelor secundare din curele de sl\u0103bire.","og_url":"https:\/\/kindora.com\/ro\/faq-intrebari-frecvente\/","og_site_name":"Kindora","article_publisher":"https:\/\/www.facebook.com\/profile.php?id=61556143894387&locale=ro_RO","article_modified_time":"2024-11-04T15:20:59+00:00","og_image":[{"width":1920,"height":1080,"url":"https:\/\/kindora.com\/wp-content\/uploads\/2024\/09\/faq-kindora-1.jpg","type":"image\/jpeg"}],"twitter_card":"summary_large_image","twitter_misc":{"Timp estimat pentru citire":"1 minut"},"schema":{"@context":"https:\/\/schema.org","@graph":[{"@type":"WebPage","@id":"https:\/\/kindora.com\/ro\/faq-intrebari-frecvente\/","url":"https:\/\/kindora.com\/ro\/faq-intrebari-frecvente\/","name":"FAQ - \u00eentreb\u0103ri frecvente - Kindora","isPartOf":{"@id":"https:\/\/kindora.com\/ro\/#website"},"primaryImageOfPage":{"@id":"https:\/\/kindora.com\/ro\/faq-intrebari-frecvente\/#primaryimage"},"image":{"@id":"https:\/\/kindora.com\/ro\/faq-intrebari-frecvente\/#primaryimage"},"thumbnailUrl":"https:\/\/kindora.com\/wp-content\/uploads\/2024\/09\/faq-kindora-1-1024x576.jpg","datePublished":"2024-09-24T14:56:30+00:00","dateModified":"2024-11-04T15:20:59+00:00","description":"Suplimentele alimentare Kindora sunt un suport \u00een dieta ta. Ele te ajut\u0103 s\u0103 faci fa\u021b\u0103 mai u\u0219or efectelor secundare din curele de sl\u0103bire.","breadcrumb":{"@id":"https:\/\/kindora.com\/ro\/faq-intrebari-frecvente\/#breadcrumb"},"inLanguage":"ro-RO","potentialAction":[{"@type":"ReadAction","target":["https:\/\/kindora.com\/ro\/faq-intrebari-frecvente\/"]}]},{"@type":"ImageObject","inLanguage":"ro-RO","@id":"https:\/\/kindora.com\/ro\/faq-intrebari-frecvente\/#primaryimage","url":"https:\/\/kindora.com\/wp-content\/uploads\/2024\/09\/faq-kindora-1-1024x576.jpg","contentUrl":"https:\/\/kindora.com\/wp-content\/uploads\/2024\/09\/faq-kindora-1-1024x576.jpg"},{"@type":"BreadcrumbList","@id":"https:\/\/kindora.com\/ro\/faq-intrebari-frecvente\/#breadcrumb","itemListElement":[{"@type":"ListItem","position":1,"name":"Prima pagin\u0103","item":"https:\/\/kindora.com\/ro\/"},{"@type":"ListItem","position":2,"name":"FAQ &#8211; \u00eentreb\u0103ri frecvente","item":"https:\/\/kindora.com\/ro\/faq-intrebari-frecvente\/"}]},{"@type":"WebSite","@id":"https:\/\/kindora.com\/ro\/#website","url":"https:\/\/kindora.com\/ro\/","name":"Kindora","description":"","publisher":{"@id":"https:\/\/kindora.com\/ro\/#organization"},"potentialAction":[{"@type":"SearchAction","target":{"@type":"EntryPoint","urlTemplate":"https:\/\/kindora.com\/ro\/?s={search_term_string}"},"query-input":{"@type":"PropertyValueSpecification","valueRequired":true,"valueName":"search_term_string"}}],"inLanguage":"ro-RO"},{"@type":"Organization","@id":"https:\/\/kindora.com\/ro\/#organization","name":"Kindora","url":"https:\/\/kindora.com\/ro\/","logo":{"@type":"ImageObject","inLanguage":"ro-RO","@id":"https:\/\/kindora.com\/ro\/#\/schema\/logo\/image\/","url":"https:\/\/kindora.com\/wp-content\/uploads\/2025\/04\/kindora-sssww.png","contentUrl":"https:\/\/kindora.com\/wp-content\/uploads\/2025\/04\/kindora-sssww.png","width":220,"height":88,"caption":"Kindora"},"image":{"@id":"https:\/\/kindora.com\/ro\/#\/schema\/logo\/image\/"},"sameAs":["https:\/\/www.facebook.com\/profile.php?id=61556143894387&locale=ro_RO","https:\/\/www.instagram.com\/kindora.romania\/","https:\/\/www.tiktok.com\/@kindora.romania","https:\/\/www.linkedin.com\/company\/kindoraromania\/posts\/?feedView=all","https:\/\/www.youtube.com\/@kindora.romania"]}]}},"_links":{"self":[{"href":"https:\/\/kindora.com\/ro\/wp-json\/wp\/v2\/pages\/1737","targetHints":{"allow":["GET"]}}],"collection":[{"href":"https:\/\/kindora.com\/ro\/wp-json\/wp\/v2\/pages"}],"about":[{"href":"https:\/\/kindora.com\/ro\/wp-json\/wp\/v2\/types\/page"}],"author":[{"embeddable":true,"href":"https:\/\/kindora.com\/ro\/wp-json\/wp\/v2\/users\/1"}],"replies":[{"embeddable":true,"href":"https:\/\/kindora.com\/ro\/wp-json\/wp\/v2\/comments?post=1737"}],"version-history":[{"count":9,"href":"https:\/\/kindora.com\/ro\/wp-json\/wp\/v2\/pages\/1737\/revisions"}],"predecessor-version":[{"id":4684,"href":"https:\/\/kindora.com\/ro\/wp-json\/wp\/v2\/pages\/1737\/revisions\/4684"}],"wp:attachment":[{"href":"https:\/\/kindora.com\/ro\/wp-json\/wp\/v2\/media?parent=1737"}],"curies":[{"name":"wp","href":"https:\/\/api.w.org\/{rel}","templated":true}]}}